{"id":2901,"date":"2015-11-18T08:34:00","date_gmt":"2015-11-18T08:34:00","guid":{"rendered":"http:\/\/demo.thimpress.com\/eduma\/?page_id=2901"},"modified":"2020-03-23T00:37:04","modified_gmt":"2020-03-23T00:37:04","slug":"sobre-nos","status":"publish","type":"page","link":"https:\/\/foramplus.com\/site\/sobre-nos\/","title":{"rendered":"Sobre n\u00f3s"},"content":{"rendered":"<div id=\"pl-2901\"  class=\"panel-layout\" ><div id=\"pg-2901-0\"  class=\"panel-grid panel-no-style\" ><div id=\"pgc-2901-0-0\"  class=\"panel-grid-cell\" ><div id=\"panel-2901-0-0-0\" class=\"so-panel widget widget_heading panel-first-child panel-last-child\" data-index=\"0\" ><div class=\"panel-widget-style panel-widget-style-for-2901-0-0-0\" ><div class=\"thim-widget-heading template-base\"><div class=\"sc_heading  text-center\"><h3 style=\"text-transform: uppercase;\" class=\"title\">A nossa hist\u00f3ria<\/h3><p class=\"sub-heading\" style=\"\">A formar profissionais de excel\u00eancia desde 2014<\/p><span class=\"line\"><\/span><\/div><\/div><\/div><\/div><\/div><\/div><div id=\"pg-2901-1\"  class=\"panel-grid panel-no-style\" ><div id=\"pgc-2901-1-0\"  class=\"panel-grid-cell\" ><div id=\"panel-2901-1-0-0\" class=\"so-panel widget widget_counters-box panel-first-child panel-last-child\" data-index=\"1\" ><div class=\"thim-widget-counters-box template-base\"><div class=\"counter-box about-us\" style=\"\"><div class=\"content-box-percentage\">\n\t\t<div class=\"wrap-percentage\">\n\t\t<div class=\"display-percentage\" data-percentage=\"1500000\" >1500000<\/div><div class=\"text_number\"><\/div><\/div><div class=\"counter-content-container\"><div class=\"counter-box-content\" style=\"\">Visitantes<\/div><\/div><\/div><\/div><\/div><\/div><\/div><div id=\"pgc-2901-1-1\"  class=\"panel-grid-cell\" ><div id=\"panel-2901-1-1-0\" class=\"so-panel widget widget_counters-box panel-first-child panel-last-child\" data-index=\"2\" ><div class=\"thim-widget-counters-box template-base\"><div class=\"counter-box about-us\" style=\"\"><div class=\"content-box-percentage\">\n\t\t<div class=\"wrap-percentage\">\n\t\t<div class=\"display-percentage\" data-percentage=\"60\" >60<\/div><div class=\"text_number\"><\/div><\/div><div class=\"counter-content-container\"><div class=\"counter-box-content\" style=\"\">Formadores<\/div><\/div><\/div><\/div><\/div><\/div><\/div><div id=\"pgc-2901-1-2\"  class=\"panel-grid-cell\" ><div id=\"panel-2901-1-2-0\" class=\"so-panel widget widget_counters-box panel-first-child panel-last-child\" data-index=\"3\" ><div class=\"thim-widget-counters-box template-base\"><div class=\"counter-box about-us\" style=\"\"><div class=\"content-box-percentage\">\n\t\t<div class=\"wrap-percentage\">\n\t\t<div class=\"display-percentage\" data-percentage=\"2240\" >2240<\/div><div class=\"text_number\"><\/div><\/div><div class=\"counter-content-container\"><div class=\"counter-box-content\" style=\"\">Formandos<\/div><\/div><\/div><\/div><\/div><\/div><\/div><div id=\"pgc-2901-1-3\"  class=\"panel-grid-cell\" ><div id=\"panel-2901-1-3-0\" class=\"so-panel widget widget_counters-box panel-first-child panel-last-child\" data-index=\"4\" ><div class=\"thim-no-border panel-widget-style panel-widget-style-for-2901-1-3-0\" ><div class=\"thim-widget-counters-box template-base\"><div class=\"counter-box about-us\" style=\"\"><div class=\"content-box-percentage\">\n\t\t<div class=\"wrap-percentage\">\n\t\t<div class=\"display-percentage\" data-percentage=\"400\" >400<\/div><div class=\"text_number\"><\/div><\/div><div class=\"counter-content-container\"><div class=\"counter-box-content\" style=\"\">Cursos completos<\/div><\/div><\/div><\/div><\/div><\/div><\/div><\/div><\/div><div id=\"pg-2901-2\"  class=\"panel-grid panel-no-style\" ><div id=\"pgc-2901-2-0\"  class=\"panel-grid-cell\" ><div id=\"panel-2901-2-0-0\" class=\"so-panel widget widget_gallery-images panel-first-child panel-last-child\" data-index=\"5\" ><div class=\"thim-widget-gallery-images template-base\"><div class=\"thim-carousel-wrapper gallery-img\" data-visible=\"1\" data-itemtablet=\"2\" data-itemmobile=\"1\" data-autoplay=\"0\" data-navigation=\"0\" data-pagination=\"1\" data-loop=\"true\"><div class=\"item\"><img loading=\"lazy\" decoding=\"async\" width=\"1170\" height=\"550\" src=\"https:\/\/foramplus.com\/site\/wp-content\/uploads\/2015\/11\/slider-3.jpg\" class=\"attachment-full size-full\" alt=\"\" srcset=\"https:\/\/foramplus.com\/site\/wp-content\/uploads\/2015\/11\/slider-3.jpg 1170w, https:\/\/foramplus.com\/site\/wp-content\/uploads\/2015\/11\/slider-3-300x141.jpg 300w, https:\/\/foramplus.com\/site\/wp-content\/uploads\/2015\/11\/slider-3-1024x481.jpg 1024w, https:\/\/foramplus.com\/site\/wp-content\/uploads\/2015\/11\/slider-3-768x361.jpg 768w, https:\/\/foramplus.com\/site\/wp-content\/uploads\/2015\/11\/slider-3-600x282.jpg 600w\" sizes=\"(max-width: 1170px) 100vw, 1170px\" title=\"\"><\/div><div class=\"item\"><img loading=\"lazy\" decoding=\"async\" width=\"1170\" height=\"550\" src=\"https:\/\/foramplus.com\/site\/wp-content\/uploads\/2015\/11\/slider-2.jpg\" class=\"attachment-full size-full\" alt=\"\" srcset=\"https:\/\/foramplus.com\/site\/wp-content\/uploads\/2015\/11\/slider-2.jpg 1170w, https:\/\/foramplus.com\/site\/wp-content\/uploads\/2015\/11\/slider-2-300x141.jpg 300w, https:\/\/foramplus.com\/site\/wp-content\/uploads\/2015\/11\/slider-2-1024x481.jpg 1024w, https:\/\/foramplus.com\/site\/wp-content\/uploads\/2015\/11\/slider-2-768x361.jpg 768w, https:\/\/foramplus.com\/site\/wp-content\/uploads\/2015\/11\/slider-2-600x282.jpg 600w\" sizes=\"(max-width: 1170px) 100vw, 1170px\" title=\"\"><\/div><div class=\"item\"><img loading=\"lazy\" decoding=\"async\" width=\"1170\" height=\"550\" src=\"https:\/\/foramplus.com\/site\/wp-content\/uploads\/2015\/11\/slider-1.jpg\" class=\"attachment-full size-full\" alt=\"\" srcset=\"https:\/\/foramplus.com\/site\/wp-content\/uploads\/2015\/11\/slider-1.jpg 1170w, https:\/\/foramplus.com\/site\/wp-content\/uploads\/2015\/11\/slider-1-300x141.jpg 300w, https:\/\/foramplus.com\/site\/wp-content\/uploads\/2015\/11\/slider-1-1024x481.jpg 1024w, https:\/\/foramplus.com\/site\/wp-content\/uploads\/2015\/11\/slider-1-768x361.jpg 768w, https:\/\/foramplus.com\/site\/wp-content\/uploads\/2015\/11\/slider-1-600x282.jpg 600w\" sizes=\"(max-width: 1170px) 100vw, 1170px\" title=\"\"><\/div><\/div><\/div><\/div><\/div><\/div><div id=\"pg-2901-3\"  class=\"panel-grid panel-no-style\" ><div id=\"pgc-2901-3-0\"  class=\"panel-grid-cell\" ><div id=\"panel-2901-3-0-0\" class=\"so-panel widget widget_sow-image panel-first-child panel-last-child\" data-index=\"6\" ><div\n\t\t\t\n\t\t\tclass=\"so-widget-sow-image so-widget-sow-image-default-113ccd71f3e6-2901\"\n\t\t\t\n\t\t>\n\n<div class=\"sow-image-container\">\n\t\t<img loading=\"lazy\" decoding=\"async\" src=\"https:\/\/foramplus.com\/site\/wp-content\/uploads\/2020\/03\/lg-foramplus-sobre.png\" width=\"400\" height=\"138\" srcset=\"https:\/\/foramplus.com\/site\/wp-content\/uploads\/2020\/03\/lg-foramplus-sobre.png 400w, https:\/\/foramplus.com\/site\/wp-content\/uploads\/2020\/03\/lg-foramplus-sobre-300x104.png 300w\" sizes=\"(max-width: 400px) 100vw, 400px\" alt=\"\" class=\"so-widget-image\" title=\"\">\n\t<\/div>\n\n<\/div><\/div><\/div><\/div><div id=\"pg-2901-4\"  class=\"panel-grid panel-no-style\" ><div id=\"pgc-2901-4-0\"  class=\"panel-grid-cell panel-grid-cell-empty\" ><\/div><\/div><div id=\"pg-2901-5\"  class=\"panel-grid panel-no-style\" ><div id=\"pgc-2901-5-0\"  class=\"panel-grid-cell\" ><div id=\"panel-2901-5-0-0\" class=\"so-panel widget widget_text panel-first-child panel-last-child\" data-index=\"7\" ><h3 class=\"widget-title\">Quem somos<\/h3>\t\t\t<div class=\"textwidget\">Foramplus\u00ae \u00e9 o resultado da necessidade de criar uma marca direcionada ao mercado da forma\u00e7\u00e3o profissional tendo como clientes os profissionais de sa\u00fade.<br><br>\nQueremos pautar-nos pela qualidade das forma\u00e7\u00f5es e sua pertin\u00eancia para a aquisi\u00e7\u00e3o de compet\u00eancias promotoras de sucesso profissional no mundo de trabalho contempor\u00e2neo.<\/div>\n\t\t<\/div><\/div><div id=\"pgc-2901-5-1\"  class=\"panel-grid-cell panel-grid-cell-empty\" ><\/div><div id=\"pgc-2901-5-2\"  class=\"panel-grid-cell\" ><div id=\"panel-2901-5-2-0\" class=\"so-panel widget widget_text panel-first-child panel-last-child\" data-index=\"8\" ><h3 class=\"widget-title\">Porqu\u00ea Foramplus?<\/h3>\t\t\t<div class=\"textwidget\">A escolha do nome Foramplus (do latim foram amplus, em portugu\u00eas f\u00f3runs alargados ou abrangentes) surge em conson\u00e2ncia com a nosso percurso:<br><br>\n- Em 2004 cri\u00e1mos o Forumenfermagem.org\u00ae que evoluiu enquanto comunidade online agregando mais de 35.000 membros registados entre enfermeiros e estudantes de Enfermagem, sendo a maior deste g\u00e9nero em Portugal. \u00c0 medida que Forumenfermagem.org\u00ae cresceu tornou-se um espa\u00e7o de refer\u00eancia para a procura de emprego por parte destes profissionais tornando-se natural o estabelecimento de parcerias com ag\u00eancias de recrutamento internacional \u00e0 medida que o mercado de trabalho em Portugal os deixava de absorver.<br>\n- Nesta sequ\u00eancia surgiu em Julho de 2013 o nosso segundo projecto online Empregosaude.pt\u00ae, uma plataforma de emprego para candidatos e empregadores na \u00e1rea da sa\u00fade em Portugal, com mais de cerca de 12.000 membros registados.<\/div>\n\t\t<\/div><\/div><\/div><div id=\"pg-2901-6\"  class=\"panel-grid panel-no-style\" ><div id=\"pgc-2901-6-0\"  class=\"panel-grid-cell\" ><div id=\"panel-2901-6-0-0\" class=\"so-panel widget widget_text panel-first-child panel-last-child\" data-index=\"9\" ><h3 class=\"widget-title\">Os nossos Valores<\/h3>\t\t\t<div class=\"textwidget\">Estamos focados na constru\u00e7\u00e3o de espa\u00e7os para o desenvolvimento de compet\u00eancias profissionais e de oportunidades para a inser\u00e7\u00e3o no mercado de trabalho cada vez mais competitivo correspondendo \u00e0 evolu\u00e7\u00e3o dos valores e necessidades da sociedade.<\/div>\n\t\t<\/div><\/div><div id=\"pgc-2901-6-1\"  class=\"panel-grid-cell panel-grid-cell-empty\" ><\/div><div id=\"pgc-2901-6-2\"  class=\"panel-grid-cell\" ><div id=\"panel-2901-6-2-0\" class=\"so-panel widget widget_text panel-first-child panel-last-child\" data-index=\"10\" ><h3 class=\"widget-title\">A nossa vis\u00e3o<\/h3>\t\t\t<div class=\"textwidget\">As profiss\u00f5es de sa\u00fade est\u00e3o em evolu\u00e7\u00e3o assim como a sociedade e confrontam-se com desafios que s\u00f3 podem ser superados com uma constante actualiza\u00e7\u00e3o e adapta\u00e7\u00e3o \u00e0s necessidades demogr\u00e1ficas e econ\u00f3micas. A forma\u00e7\u00e3o profissional avan\u00e7ada deve ser uma ferramenta para a r\u00e1pida adapta\u00e7\u00e3o dos profissionais a esses desafios.<br><br>\nQueremos ser parceiros efetivos para o sucesso dos profissionais de sa\u00fade, aproveitando as sinergias do trabalho em equipe e da constante evolu\u00e7\u00e3o do conhecimento e das compet\u00eancias em Sa\u00fade. Queremos colocar os resultados dessa parceria (as compet\u00eancias adquiridas) ao servi\u00e7o da sociedade, ao servi\u00e7o de todos por \"Mais e Melhor Sa\u00fade\", atrav\u00e9s do desenvolvimento de espa\u00e7os de aprendizagem mais qualificados e abrangentes <i>(foram amplus)<\/i>.<\/div>\n\t\t<\/div><\/div><\/div><div id=\"pg-2901-7\"  class=\"panel-grid panel-has-style\" ><div class=\"so-parallax siteorigin-panels-stretch panel-row-style panel-row-style-for-2901-7\" data-stretch-type=\"full\" ><img fetchpriority=\"high\" decoding=\"async\" width=\"1600\" height=\"650\" src=\"https:\/\/foramplus.com\/site\/wp-content\/uploads\/2015\/11\/bg-parallax-about-us.jpg\" class=\"attachment-full size-full\" alt=\"\" data-siteorigin-parallax=\"true\" loading=\"eager\" srcset=\"https:\/\/foramplus.com\/site\/wp-content\/uploads\/2015\/11\/bg-parallax-about-us.jpg 1600w, https:\/\/foramplus.com\/site\/wp-content\/uploads\/2015\/11\/bg-parallax-about-us-300x122.jpg 300w, https:\/\/foramplus.com\/site\/wp-content\/uploads\/2015\/11\/bg-parallax-about-us-1024x416.jpg 1024w, https:\/\/foramplus.com\/site\/wp-content\/uploads\/2015\/11\/bg-parallax-about-us-768x312.jpg 768w, https:\/\/foramplus.com\/site\/wp-content\/uploads\/2015\/11\/bg-parallax-about-us-1536x624.jpg 1536w, https:\/\/foramplus.com\/site\/wp-content\/uploads\/2015\/11\/bg-parallax-about-us-600x244.jpg 600w\" sizes=\"(max-width: 1600px) 100vw, 1600px\" title=\"\"><div id=\"pgc-2901-7-0\"  class=\"panel-grid-cell panel-grid-cell-empty\" ><\/div><\/div><\/div><div id=\"pg-2901-8\"  class=\"panel-grid panel-no-style\" ><div id=\"pgc-2901-8-0\"  class=\"panel-grid-cell\" ><div id=\"panel-2901-8-0-0\" class=\"so-panel widget widget_heading panel-first-child panel-last-child\" data-index=\"11\" ><div class=\"thim-widget-heading template-base\"><div class=\"sc_heading  text-center\"><h3 style=\"text-transform: uppercase;\" class=\"title\">Conhe\u00e7a a nossa Equipa<\/h3><p class=\"sub-heading\" style=\"\">Os respons\u00e1veis do projeto<\/p><span class=\"line\"><\/span><\/div><\/div><\/div><\/div><\/div><div id=\"pg-2901-9\"  class=\"panel-grid panel-no-style\" ><div id=\"pgc-2901-9-0\"  class=\"panel-grid-cell\" ><div id=\"panel-2901-9-0-0\" class=\"so-panel widget widget_our-team panel-first-child panel-last-child\" data-index=\"12\" ><div class=\"thim-widget-our-team template-our-team\">\n<div class=\"wrapper-lists-our-team icon-image-hover\"><a class=\"join-our-team\" href=\"https:\/\/foramplus.com\/site\/ser-formador\/\" title=\"Junte-se \u00e0 nossa Equipa\" rel=\"nofollow\" target=\"_blank\">Junte-se \u00e0 nossa Equipa<\/a><div class=\"row\"><div class=\"our-team-item col-sm-4\"><div class=\"our-team-image\"> <a class=\"link-img\" href=\"https:\/\/foramplus.com\/site\/our_team\/alexandre-sarmento\/\"><\/a><img loading=\"lazy\" decoding=\"async\" src=\"https:\/\/foramplus.com\/site\/wp-content\/uploads\/2020\/03\/eq-r-alexandre-200x200.jpg\" alt=\"eq-r-alexandre\" title=\"eq-r-alexandre\"  width=\"200\" height=\"200\"><div class=\"social-team\"><\/div><\/div><div class=\"content-team\"><h4 class=\"title\"><a href=\"https:\/\/foramplus.com\/site\/our_team\/alexandre-sarmento\/\">Alexandre Sarmento<\/a><\/h4><div class = \"regency\">Gest\u00e3o Clientes<\/div><\/div><\/div><div class=\"our-team-item col-sm-4\"><div class=\"our-team-image\"> <a class=\"link-img\" href=\"https:\/\/foramplus.com\/site\/our_team\/pedro-silva\/\"><\/a><img loading=\"lazy\" decoding=\"async\" src=\"https:\/\/foramplus.com\/site\/wp-content\/uploads\/2020\/03\/eq-r-pedrosilva-200x200.jpg\" alt=\"eq-r-pedrosilva\" title=\"eq-r-pedrosilva\"  width=\"200\" height=\"200\"><div class=\"social-team\"><a target=\"_blank\" href=\"https:\/\/www.facebook.com\/profile.php?id=1827888844\" rel=\"noopener\"><i class=\"fa fa-facebook\"><\/i><\/a><a target=\"_blank\" href=\"https:\/\/www.linkedin.com\/in\/silvapedrojose\/\" rel=\"noopener\"><i class=\"fa fa-linkedin\"><\/i><\/a><\/div><\/div><div class=\"content-team\"><h4 class=\"title\"><a href=\"https:\/\/foramplus.com\/site\/our_team\/pedro-silva\/\">Pedro Silva<\/a><\/h4><div class = \"regency\">Project Manager<\/div><\/div><\/div><div class=\"our-team-item col-sm-4\"><div class=\"our-team-image\"> <a class=\"link-img\" href=\"https:\/\/foramplus.com\/site\/our_team\/pedro-machado\/\"><\/a><img loading=\"lazy\" decoding=\"async\" src=\"https:\/\/foramplus.com\/site\/wp-content\/uploads\/2020\/03\/eq-r-pedromachado-200x200.jpg\" alt=\"eq-r-pedromachado\" title=\"eq-r-pedromachado\"  width=\"200\" height=\"200\"><div class=\"social-team\"><a target=\"_blank\" href=\"https:\/\/www.facebook.com\/rotenboy\" rel=\"noopener\"><i class=\"fa fa-facebook\"><\/i><\/a><a target=\"_blank\" href=\"enf.roten\"><i class=\"fa fa-skype\"><\/i><\/a><a target=\"_blank\" href=\"https:\/\/www.linkedin.com\/in\/pedro-miguel-machado-06242157\/\" rel=\"noopener\"><i class=\"fa fa-linkedin\"><\/i><\/a><\/div><\/div><div class=\"content-team\"><h4 class=\"title\"><a href=\"https:\/\/foramplus.com\/site\/our_team\/pedro-machado\/\">Pedro Machado<\/a><\/h4><div class = \"regency\">Chief Web Officer<\/div><\/div><\/div><\/div><\/div><\/div><\/div><\/div><\/div><\/div>","protected":false},"excerpt":{"rendered":"<p>Quem somos Foramplus\u00ae \u00e9 o resultado da necessidade de criar uma marca direcionada ao mercado da forma\u00e7\u00e3o profissional tendo como clientes os profissionais de sa\u00fade. Queremos pautar-nos pela qualidade das forma\u00e7\u00f5es e sua pertin\u00eancia para a aquisi\u00e7\u00e3o de compet\u00eancias promotoras &hellip; <\/p>\n","protected":false},"author":1,"featured_media":0,"parent":0,"menu_order":0,"comment_status":"closed","ping_status":"closed","template":"","meta":{"footnotes":""},"acf":[],"_links":{"self":[{"href":"https:\/\/foramplus.com\/site\/wp-json\/wp\/v2\/pages\/2901"}],"collection":[{"href":"https:\/\/foramplus.com\/site\/wp-json\/wp\/v2\/pages"}],"about":[{"href":"https:\/\/foramplus.com\/site\/wp-json\/wp\/v2\/types\/page"}],"author":[{"embeddable":true,"href":"https:\/\/foramplus.com\/site\/wp-json\/wp\/v2\/users\/1"}],"replies":[{"embeddable":true,"href":"https:\/\/foramplus.com\/site\/wp-json\/wp\/v2\/comments?post=2901"}],"version-history":[{"count":21,"href":"https:\/\/foramplus.com\/site\/wp-json\/wp\/v2\/pages\/2901\/revisions"}],"predecessor-version":[{"id":11637,"href":"https:\/\/foramplus.com\/site\/wp-json\/wp\/v2\/pages\/2901\/revisions\/11637"}],"wp:attachment":[{"href":"https:\/\/foramplus.com\/site\/wp-json\/wp\/v2\/media?parent=2901"}],"curies":[{"name":"wp","href":"https:\/\/api.w.org\/{rel}","templated":true}]}}