{"id":11403,"date":"2020-03-21T13:48:47","date_gmt":"2020-03-21T13:48:47","guid":{"rendered":"https:\/\/foramplus.com\/site\/?page_id=11403"},"modified":"2020-04-26T16:05:28","modified_gmt":"2020-04-26T16:05:28","slug":"parcerias","status":"publish","type":"page","link":"https:\/\/foramplus.com\/site\/parcerias\/","title":{"rendered":"Parcerias"},"content":{"rendered":"<div id=\"pl-gb11403-69fe9c03b2862\"  class=\"panel-layout\" ><div id=\"pg-gb11403-69fe9c03b2862-0\"  class=\"panel-grid panel-no-style\"  data-style=\"{&quot;background_image_attachment&quot;:false,&quot;background_display&quot;:&quot;tile&quot;,&quot;full_height&quot;:&quot;&quot;,&quot;cell_alignment&quot;:&quot;flex-start&quot;}\" ><div id=\"pgc-gb11403-69fe9c03b2862-0-0\"  class=\"panel-grid-cell\"  data-weight=\"1\" ><div id=\"panel-gb11403-69fe9c03b2862-0-0-0\" class=\"so-panel widget widget_text panel-first-child panel-last-child\" data-index=\"0\" data-style=\"{&quot;class&quot;:&quot;sow-cta-base&quot;,&quot;background_image_attachment&quot;:false,&quot;background_display&quot;:&quot;tile&quot;}\" ><div class=\"sow-cta-base panel-widget-style panel-widget-style-for-gb11403-69fe9c03b2862-0-0-0\" >\t\t\t<div class=\"textwidget\"><p>O Foramplus\u00ae procura desenvolver parcerias com entidades certificadas e id\u00f3neas que conferem qualidade \u00e0s a\u00e7\u00f5es formativas, oferecendo desta forma o melhor servi\u00e7o aos nossos clientes com produtos formativos competitivos e que marcam pela diferen\u00e7a no mercado atual.<\/p>\n<\/div>\n\t\t<\/div><\/div><\/div><\/div><div id=\"pg-gb11403-69fe9c03b2862-1\"  class=\"panel-grid panel-no-style\"  data-style=\"{&quot;background_image_attachment&quot;:false,&quot;background_display&quot;:&quot;tile&quot;,&quot;full_height&quot;:&quot;&quot;,&quot;cell_alignment&quot;:&quot;flex-start&quot;}\"  data-ratio=\"1\"  data-ratio-direction=\"right\" ><div id=\"pgc-gb11403-69fe9c03b2862-1-0\"  class=\"panel-grid-cell panel-grid-cell-empty\"  data-weight=\"1\" ><\/div><\/div><div id=\"pg-gb11403-69fe9c03b2862-2\"  class=\"panel-grid panel-no-style\"  data-style=\"{&quot;background_image_attachment&quot;:false,&quot;background_display&quot;:&quot;tile&quot;,&quot;full_height&quot;:&quot;&quot;,&quot;cell_alignment&quot;:&quot;flex-start&quot;}\"  data-ratio=\"1\"  data-ratio-direction=\"right\" ><div id=\"pgc-gb11403-69fe9c03b2862-2-0\"  class=\"panel-grid-cell\"  data-style=\"{&quot;background_image_attachment&quot;:false,&quot;background_display&quot;:&quot;tile&quot;,&quot;vertical_alignment&quot;:&quot;center&quot;}\"  data-weight=\"0.20038659793814\" ><div id=\"panel-gb11403-69fe9c03b2862-2-0-0\" class=\"so-panel widget widget_single-images panel-first-child panel-last-child\" data-index=\"1\" data-style=\"{&quot;background_image_attachment&quot;:false,&quot;background_display&quot;:&quot;tile&quot;}\" ><div class=\"thim-widget-single-images template-single-images\">\n<div class=\"single-image text-left\"><a target=\"_blank\" href=\"http:\/\/www.asformacao.com\/site\/\" rel=\"noopener\"><img loading=\"lazy\" decoding=\"async\" src=\"https:\/\/foramplus.com\/site\/wp-content\/uploads\/2020\/03\/bt-asformacao.png\" width=\"180\" height=\"46\" alt=\"\" title=\"\"><\/a><\/div><\/div><\/div><\/div><div id=\"pgc-gb11403-69fe9c03b2862-2-1\"  class=\"panel-grid-cell\"  data-weight=\"0.79961340206186\" ><div id=\"panel-gb11403-69fe9c03b2862-2-1-0\" class=\"so-panel widget widget_sow-editor panel-first-child panel-last-child\" data-index=\"2\" data-style=\"{&quot;background_image_attachment&quot;:false,&quot;background_display&quot;:&quot;tile&quot;}\" ><div\n\t\t\t\n\t\t\tclass=\"so-widget-sow-editor so-widget-sow-editor-base\"\n\t\t\t\n\t\t>\n<div class=\"siteorigin-widget-tinymce textwidget\">\n\t<p>A <em>Alexandre Sarmento Forma\u00e7\u00e3o, Unipessoal Lda<\/em> \u00e9 uma empresa orientada para a Forma\u00e7\u00e3o Profissional e apoio pedag\u00f3gico aos ensinos B\u00e1sico, Secund\u00e1rio e Universit\u00e1rio. \u00c9 a entidade que d\u00e1 todo o suporte legal na Acredita\u00e7\u00e3o da Forma\u00e7\u00e3o e de Gest\u00e3o de Clientes.<\/p>\n<\/div>\n<\/div><\/div><\/div><\/div><div id=\"pg-gb11403-69fe9c03b2862-3\"  class=\"panel-grid panel-no-style\"  data-style=\"{&quot;background_image_attachment&quot;:false,&quot;background_display&quot;:&quot;tile&quot;,&quot;full_height&quot;:&quot;&quot;,&quot;cell_alignment&quot;:&quot;flex-start&quot;}\"  data-ratio=\"1\"  data-ratio-direction=\"right\" ><div id=\"pgc-gb11403-69fe9c03b2862-3-0\"  class=\"panel-grid-cell panel-grid-cell-empty\"  data-weight=\"1\" ><\/div><\/div><div id=\"pg-gb11403-69fe9c03b2862-4\"  class=\"panel-grid panel-no-style\"  data-style=\"{&quot;background_image_attachment&quot;:false,&quot;background_display&quot;:&quot;tile&quot;,&quot;full_height&quot;:&quot;&quot;,&quot;cell_alignment&quot;:&quot;flex-start&quot;}\"  data-ratio=\"1\"  data-ratio-direction=\"right\" ><div id=\"pgc-gb11403-69fe9c03b2862-4-0\"  class=\"panel-grid-cell\"  data-style=\"{&quot;background_image_attachment&quot;:false,&quot;background_display&quot;:&quot;tile&quot;,&quot;vertical_alignment&quot;:&quot;center&quot;}\"  data-weight=\"0.19974226804124\" ><div id=\"panel-gb11403-69fe9c03b2862-4-0-0\" class=\"so-panel widget widget_single-images panel-first-child panel-last-child\" data-index=\"3\" data-style=\"{&quot;background_image_attachment&quot;:false,&quot;background_display&quot;:&quot;tile&quot;}\" ><div class=\"thim-widget-single-images template-single-images\">\n<div class=\"single-image text-left\"><a target=\"_blank\" href=\"http:\/\/www.forumenfermagem.org\" rel=\"noopener\"><img loading=\"lazy\" decoding=\"async\" src=\"https:\/\/foramplus.com\/site\/wp-content\/uploads\/2020\/03\/bt-forumenfemagem.png\" width=\"180\" height=\"45\" alt=\"\" title=\"\"><\/a><\/div><\/div><\/div><\/div><div id=\"pgc-gb11403-69fe9c03b2862-4-1\"  class=\"panel-grid-cell\"  data-weight=\"0.80025773195876\" ><div id=\"panel-gb11403-69fe9c03b2862-4-1-0\" class=\"so-panel widget widget_sow-editor panel-first-child panel-last-child\" data-index=\"4\" data-style=\"{&quot;background_image_attachment&quot;:false,&quot;background_display&quot;:&quot;tile&quot;}\" ><div\n\t\t\t\n\t\t\tclass=\"so-widget-sow-editor so-widget-sow-editor-base\"\n\t\t\t\n\t\t>\n<div class=\"siteorigin-widget-tinymce textwidget\">\n\t<p>O Forumenfermagem.org\u00ae \u00e9 uma comunidade de enfermagem portuguesa online criada em 2004 e \u00e9 um dos parceiros na divulga\u00e7\u00e3o da a\u00e7\u00e3o formativa<\/p>\n<\/div>\n<\/div><\/div><\/div><\/div><div id=\"pg-gb11403-69fe9c03b2862-5\"  class=\"panel-grid panel-no-style\"  data-style=\"{&quot;background_image_attachment&quot;:false,&quot;background_display&quot;:&quot;tile&quot;,&quot;full_height&quot;:&quot;&quot;,&quot;cell_alignment&quot;:&quot;flex-start&quot;}\"  data-ratio=\"1\"  data-ratio-direction=\"right\" ><div id=\"pgc-gb11403-69fe9c03b2862-5-0\"  class=\"panel-grid-cell panel-grid-cell-empty\"  data-weight=\"1\" ><\/div><\/div><div id=\"pg-gb11403-69fe9c03b2862-6\"  class=\"panel-grid panel-no-style\"  data-style=\"{&quot;background_image_attachment&quot;:false,&quot;background_display&quot;:&quot;tile&quot;,&quot;full_height&quot;:&quot;&quot;,&quot;cell_alignment&quot;:&quot;flex-start&quot;}\"  data-ratio=\"1\"  data-ratio-direction=\"right\" ><div id=\"pgc-gb11403-69fe9c03b2862-6-0\"  class=\"panel-grid-cell\"  data-style=\"{&quot;background_image_attachment&quot;:false,&quot;background_display&quot;:&quot;tile&quot;,&quot;vertical_alignment&quot;:&quot;center&quot;}\"  data-weight=\"0.20038659793814\" ><div id=\"panel-gb11403-69fe9c03b2862-6-0-0\" class=\"so-panel widget widget_single-images panel-first-child panel-last-child\" data-index=\"5\" data-style=\"{&quot;background_image_attachment&quot;:false,&quot;background_display&quot;:&quot;tile&quot;}\" ><div class=\"thim-widget-single-images template-single-images\">\n<div class=\"single-image text-left\"><a target=\"_blank\" href=\"http:\/\/www.empregosaude.pt\" rel=\"noopener\"><img loading=\"lazy\" decoding=\"async\" src=\"https:\/\/foramplus.com\/site\/wp-content\/uploads\/2020\/03\/bt-empregosaude.png\" width=\"180\" height=\"61\" alt=\"\" title=\"\"><\/a><\/div><\/div><\/div><\/div><div id=\"pgc-gb11403-69fe9c03b2862-6-1\"  class=\"panel-grid-cell\"  data-weight=\"0.79961340206186\" ><div id=\"panel-gb11403-69fe9c03b2862-6-1-0\" class=\"so-panel widget widget_sow-editor panel-first-child panel-last-child\" data-index=\"6\" data-style=\"{&quot;background_image_attachment&quot;:false,&quot;background_display&quot;:&quot;tile&quot;}\" ><div\n\t\t\t\n\t\t\tclass=\"so-widget-sow-editor so-widget-sow-editor-base\"\n\t\t\t\n\t\t>\n<div class=\"siteorigin-widget-tinymce textwidget\">\n\t<p>O Empregosaude.pt\u00ae \u00e9 uma plataforma de emprego para candidatos e empregadores na \u00e1rea da sa\u00fade em Portugal e divulga a a\u00e7\u00e3o formativa<\/p>\n<\/div>\n<\/div><\/div><\/div><\/div><div id=\"pg-gb11403-69fe9c03b2862-7\"  class=\"panel-grid panel-no-style\"  data-style=\"{&quot;background_image_attachment&quot;:false,&quot;background_display&quot;:&quot;tile&quot;,&quot;full_height&quot;:&quot;&quot;,&quot;cell_alignment&quot;:&quot;flex-start&quot;}\"  data-ratio=\"1\"  data-ratio-direction=\"right\" ><div id=\"pgc-gb11403-69fe9c03b2862-7-0\"  class=\"panel-grid-cell panel-grid-cell-empty\"  data-weight=\"1\" ><\/div><\/div><div id=\"pg-gb11403-69fe9c03b2862-8\"  class=\"panel-grid panel-no-style\"  data-style=\"{&quot;background_image_attachment&quot;:false,&quot;background_display&quot;:&quot;tile&quot;,&quot;full_height&quot;:&quot;&quot;,&quot;cell_alignment&quot;:&quot;flex-start&quot;}\"  data-ratio=\"1\"  data-ratio-direction=\"right\" ><div id=\"pgc-gb11403-69fe9c03b2862-8-0\"  class=\"panel-grid-cell\"  data-style=\"{&quot;background_image_attachment&quot;:false,&quot;background_display&quot;:&quot;tile&quot;,&quot;vertical_alignment&quot;:&quot;center&quot;}\"  data-weight=\"0.19974226804124\" ><div id=\"panel-gb11403-69fe9c03b2862-8-0-0\" class=\"so-panel widget widget_single-images panel-first-child panel-last-child\" data-index=\"7\" data-style=\"{&quot;background_image_attachment&quot;:false,&quot;background_display&quot;:&quot;tile&quot;}\" ><div class=\"thim-widget-single-images template-single-images\">\n<div class=\"single-image text-left\"><a target=\"_blank\" href=\"https:\/\/www.scmvizela.pt\/\" rel=\"noopener\"><img loading=\"lazy\" decoding=\"async\" src=\"https:\/\/foramplus.com\/site\/wp-content\/uploads\/2020\/03\/bt-scml.png\" width=\"180\" height=\"63\" alt=\"\" title=\"\"><\/a><\/div><\/div><\/div><\/div><div id=\"pgc-gb11403-69fe9c03b2862-8-1\"  class=\"panel-grid-cell\"  data-weight=\"0.80025773195876\" ><div id=\"panel-gb11403-69fe9c03b2862-8-1-0\" class=\"so-panel widget widget_sow-editor panel-first-child panel-last-child\" data-index=\"8\" data-style=\"{&quot;background_image_attachment&quot;:false,&quot;background_display&quot;:&quot;tile&quot;}\" ><div\n\t\t\t\n\t\t\tclass=\"so-widget-sow-editor so-widget-sow-editor-base\"\n\t\t\t\n\t\t>\n<div class=\"siteorigin-widget-tinymce textwidget\">\n\t<p>A Santa Casa da Miseric\u00f3rdia de Vizela existe h\u00e1 mais de 100 anos, data de 25 de Mar\u00e7o de 1913. No entanto, a sua hist\u00f3ria remonta 50 anos antes do seu nascimento, como fase embrion\u00e1ria.<\/p>\n<\/div>\n<\/div><\/div><\/div><\/div><div id=\"pg-gb11403-69fe9c03b2862-9\"  class=\"panel-grid panel-no-style\"  data-style=\"{&quot;background_image_attachment&quot;:false,&quot;background_display&quot;:&quot;tile&quot;,&quot;full_height&quot;:&quot;&quot;,&quot;cell_alignment&quot;:&quot;flex-start&quot;}\"  data-ratio=\"1\"  data-ratio-direction=\"right\" ><div id=\"pgc-gb11403-69fe9c03b2862-9-0\"  class=\"panel-grid-cell panel-grid-cell-empty\"  data-weight=\"1\" ><\/div><\/div><div id=\"pg-gb11403-69fe9c03b2862-10\"  class=\"panel-grid panel-no-style\"  data-style=\"{&quot;background_image_attachment&quot;:false,&quot;background_display&quot;:&quot;tile&quot;,&quot;full_height&quot;:&quot;&quot;,&quot;cell_alignment&quot;:&quot;flex-start&quot;}\"  data-ratio=\"1\"  data-ratio-direction=\"right\" ><div id=\"pgc-gb11403-69fe9c03b2862-10-0\"  class=\"panel-grid-cell\"  data-style=\"{&quot;background_image_attachment&quot;:false,&quot;background_display&quot;:&quot;tile&quot;,&quot;vertical_alignment&quot;:&quot;center&quot;}\"  data-weight=\"0.19974226804124\" ><div id=\"panel-gb11403-69fe9c03b2862-10-0-0\" class=\"so-panel widget widget_single-images panel-first-child panel-last-child\" data-index=\"9\" data-style=\"{&quot;background_image_attachment&quot;:false,&quot;background_display&quot;:&quot;tile&quot;}\" ><div class=\"thim-widget-single-images template-single-images\">\n<div class=\"single-image text-left\"><a target=\"_blank\" href=\"http:\/\/csnsc.irmashospitaleiras.pt\/\" rel=\"noopener\"><img loading=\"lazy\" decoding=\"async\" src=\"https:\/\/foramplus.com\/site\/wp-content\/uploads\/2020\/03\/bt-csnsc.png\" width=\"180\" height=\"76\" alt=\"\" title=\"\"><\/a><\/div><\/div><\/div><\/div><div id=\"pgc-gb11403-69fe9c03b2862-10-1\"  class=\"panel-grid-cell\"  data-weight=\"0.80025773195876\" ><div id=\"panel-gb11403-69fe9c03b2862-10-1-0\" class=\"so-panel widget widget_sow-editor panel-first-child panel-last-child\" data-index=\"10\" data-style=\"{&quot;background_image_attachment&quot;:false,&quot;background_display&quot;:&quot;tile&quot;}\" ><div\n\t\t\t\n\t\t\tclass=\"so-widget-sow-editor so-widget-sow-editor-base\"\n\t\t\t\n\t\t>\n<div class=\"siteorigin-widget-tinymce textwidget\">\n\t<p>A Casa de Sa\u00fade N.\u00aa S.\u00aa da Concei\u00e7\u00e3o situa-se na ilha de S. Miguel na Regi\u00e3o Aut\u00f3noma dos A\u00e7ores, e \u00e9 um dos 12 Centros Assistenciais pertencentes ao Instituto das Irm\u00e3s Hospitaleiras de Sagrado Cora\u00e7\u00e3o de Jesus, uma Institui\u00e7\u00e3o Particular de Solidariedade Social (IPSS).<\/p>\n<\/div>\n<\/div><\/div><\/div><\/div><div id=\"pg-gb11403-69fe9c03b2862-11\"  class=\"panel-grid panel-no-style\"  data-style=\"{&quot;background_image_attachment&quot;:false,&quot;background_display&quot;:&quot;tile&quot;,&quot;full_height&quot;:&quot;&quot;,&quot;cell_alignment&quot;:&quot;flex-start&quot;}\"  data-ratio=\"1\"  data-ratio-direction=\"right\" ><div id=\"pgc-gb11403-69fe9c03b2862-11-0\"  class=\"panel-grid-cell panel-grid-cell-empty\"  data-weight=\"1\" ><\/div><\/div><div id=\"pg-gb11403-69fe9c03b2862-12\"  class=\"panel-grid panel-no-style\"  data-style=\"{&quot;background_image_attachment&quot;:false,&quot;background_display&quot;:&quot;tile&quot;,&quot;full_height&quot;:&quot;&quot;,&quot;cell_alignment&quot;:&quot;flex-start&quot;}\"  data-ratio=\"1\"  data-ratio-direction=\"right\" ><div id=\"pgc-gb11403-69fe9c03b2862-12-0\"  class=\"panel-grid-cell\"  data-style=\"{&quot;background_image_attachment&quot;:false,&quot;background_display&quot;:&quot;tile&quot;,&quot;vertical_alignment&quot;:&quot;center&quot;}\"  data-weight=\"0.20038659793814\" ><div id=\"panel-gb11403-69fe9c03b2862-12-0-0\" class=\"so-panel widget widget_single-images panel-first-child panel-last-child\" data-index=\"11\" data-style=\"{&quot;background_image_attachment&quot;:false,&quot;background_display&quot;:&quot;tile&quot;}\" ><div class=\"thim-widget-single-images template-single-images\">\n<div class=\"single-image text-left\"><a target=\"_blank\" href=\"http:\/\/www.uninefro.com\" rel=\"noopener\"><img loading=\"lazy\" decoding=\"async\" src=\"https:\/\/foramplus.com\/site\/wp-content\/uploads\/2020\/03\/bt-uninefro.png\" width=\"180\" height=\"39\" alt=\"\" title=\"\"><\/a><\/div><\/div><\/div><\/div><div id=\"pgc-gb11403-69fe9c03b2862-12-1\"  class=\"panel-grid-cell\"  data-weight=\"0.79961340206186\" ><div id=\"panel-gb11403-69fe9c03b2862-12-1-0\" class=\"so-panel widget widget_sow-editor panel-first-child panel-last-child\" data-index=\"12\" data-style=\"{&quot;background_image_attachment&quot;:false,&quot;background_display&quot;:&quot;tile&quot;}\" ><div\n\t\t\t\n\t\t\tclass=\"so-widget-sow-editor so-widget-sow-editor-base\"\n\t\t\t\n\t\t>\n<div class=\"siteorigin-widget-tinymce textwidget\">\n\t<p>A UNINEFRO SA &#8211; Sociedade M\u00e9dica para o Tratamento de Doentes Renais &#8211; nasceu de um grupo de M\u00e9dicos Nefrologistas, com significativa e diversificada experi\u00eancia profissional na \u00e1rea da Nefrologia e da Di\u00e1lise, que, privilegiando as sinergias que se obtinham da alian\u00e7a de profissionais m\u00e9dicos com Institui\u00e7\u00f5es de refer\u00eancia Social e Assistencial na Regi\u00e3o Norte, designadamente Miseric\u00f3rdias, permitiriam a g\u00e9nese (1999) duma Sociedade de Presta\u00e7\u00e3o de Cuidados de Sa\u00fade com Qualidade e, a prazo, de Refer\u00eancia.<\/p>\n<\/div>\n<\/div><\/div><\/div><\/div><div id=\"pg-gb11403-69fe9c03b2862-13\"  class=\"panel-grid panel-no-style\"  data-style=\"{&quot;background_image_attachment&quot;:false,&quot;background_display&quot;:&quot;tile&quot;,&quot;full_height&quot;:&quot;&quot;,&quot;cell_alignment&quot;:&quot;flex-start&quot;}\"  data-ratio=\"1\"  data-ratio-direction=\"right\" ><div id=\"pgc-gb11403-69fe9c03b2862-13-0\"  class=\"panel-grid-cell panel-grid-cell-empty\"  data-weight=\"1\" ><\/div><\/div><div id=\"pg-gb11403-69fe9c03b2862-14\"  class=\"panel-grid panel-no-style\"  data-style=\"{&quot;background_image_attachment&quot;:false,&quot;background_display&quot;:&quot;tile&quot;,&quot;full_height&quot;:&quot;&quot;,&quot;cell_alignment&quot;:&quot;flex-start&quot;}\"  data-ratio=\"1\"  data-ratio-direction=\"right\" ><div id=\"pgc-gb11403-69fe9c03b2862-14-0\"  class=\"panel-grid-cell\"  data-style=\"{&quot;background_image_attachment&quot;:false,&quot;background_display&quot;:&quot;tile&quot;,&quot;vertical_alignment&quot;:&quot;center&quot;}\"  data-weight=\"0.20038659793814\" ><div id=\"panel-gb11403-69fe9c03b2862-14-0-0\" class=\"so-panel widget widget_single-images panel-first-child panel-last-child\" data-index=\"13\" data-style=\"{&quot;background_image_attachment&quot;:false,&quot;background_display&quot;:&quot;tile&quot;}\" ><div class=\"thim-widget-single-images template-single-images\">\n<div class=\"single-image text-left\"><a target=\"_blank\" href=\"https:\/\/www.diaverum.com\/pt-PT\/Pagina-Inicial\/\" rel=\"noopener\"><img loading=\"lazy\" decoding=\"async\" src=\"https:\/\/foramplus.com\/site\/wp-content\/uploads\/2020\/03\/bt-diaverum.png\" width=\"120\" height=\"80\" alt=\"\" title=\"\"><\/a><\/div><\/div><\/div><\/div><div id=\"pgc-gb11403-69fe9c03b2862-14-1\"  class=\"panel-grid-cell\"  data-weight=\"0.79961340206186\" ><div id=\"panel-gb11403-69fe9c03b2862-14-1-0\" class=\"so-panel widget widget_sow-editor panel-first-child panel-last-child\" data-index=\"14\" data-style=\"{&quot;background_image_attachment&quot;:false,&quot;background_display&quot;:&quot;tile&quot;}\" ><div\n\t\t\t\n\t\t\tclass=\"so-widget-sow-editor so-widget-sow-editor-base\"\n\t\t\t\n\t\t>\n<div class=\"siteorigin-widget-tinymce textwidget\">\n\t<p>A Diaverum Portugal foi fundada em 2007 e hoje atende cerca de 3000 pacientes por ano em 25 cl\u00ednicas de di\u00e1lise. Isso faz da Diaverum Portugal o n\u00famero dois no mercado de di\u00e1lise em Portugal.<\/p>\n<\/div>\n<\/div><\/div><\/div><\/div><\/div>","protected":false},"excerpt":{"rendered":"<p>O Foramplus\u00ae procura desenvolver parcerias com entidades certificadas e id\u00f3neas que conferem qualidade \u00e0s a\u00e7\u00f5es formativas, oferecendo desta forma o melhor servi\u00e7o aos nossos clientes com produtos formativos competitivos e que marcam pela diferen\u00e7a no mercado atual.<\/p>\n","protected":false},"author":1,"featured_media":0,"parent":0,"menu_order":0,"comment_status":"closed","ping_status":"closed","template":"","meta":{"footnotes":""},"acf":[],"_links":{"self":[{"href":"https:\/\/foramplus.com\/site\/wp-json\/wp\/v2\/pages\/11403"}],"collection":[{"href":"https:\/\/foramplus.com\/site\/wp-json\/wp\/v2\/pages"}],"about":[{"href":"https:\/\/foramplus.com\/site\/wp-json\/wp\/v2\/types\/page"}],"author":[{"embeddable":true,"href":"https:\/\/foramplus.com\/site\/wp-json\/wp\/v2\/users\/1"}],"replies":[{"embeddable":true,"href":"https:\/\/foramplus.com\/site\/wp-json\/wp\/v2\/comments?post=11403"}],"version-history":[{"count":27,"href":"https:\/\/foramplus.com\/site\/wp-json\/wp\/v2\/pages\/11403\/revisions"}],"predecessor-version":[{"id":12084,"href":"https:\/\/foramplus.com\/site\/wp-json\/wp\/v2\/pages\/11403\/revisions\/12084"}],"wp:attachment":[{"href":"https:\/\/foramplus.com\/site\/wp-json\/wp\/v2\/media?parent=11403"}],"curies":[{"name":"wp","href":"https:\/\/api.w.org\/{rel}","templated":true}]}}